{"id":204,"date":"2012-03-22T09:52:45","date_gmt":"2012-03-22T09:52:45","guid":{"rendered":"http:\/\/www.wickelauflagen-bezug.de\/?page_id=204"},"modified":"2012-03-23T11:16:19","modified_gmt":"2012-03-23T11:16:19","slug":"kathe-kruse-wickelauflagenbezug","status":"publish","type":"page","link":"http:\/\/www.wickelauflagen-bezug.de\/index.php\/wickelauflagenbezug-keine-leichte-entscheidung\/kathe-kruse-wickelauflagenbezug\/","title":{"rendered":"K\u00e4the Kruse Wickelauflagenbezug"},"content":{"rendered":"<p><div style=\"width: 178px\" class=\"wp-caption alignright\"><img loading=\"lazy\" decoding=\"async\" alt=\"K\u00e4the Kruse Wickelauflagenbezug im Test\" src=\"http:\/\/www.wickelauflagen-bezug.de\/images\/kaethe-kruse-wickelauflagenbezug.jpg\" title=\"K\u00e4the Kruse Wickelauflagenbezug Test\" width=\"168\" height=\"40\" \/><p class=\"wp-caption-text\">K\u00e4the Kruse Wickelauflagenbez\u00fcge<\/p><\/div>K\u00e4the Kruse ist ein Unternehmen mit einer mehr als hundertj\u00e4hrigen Tradition. Besonders bekannt ist die Firma mit Sitz in Donauw\u00f6rth f\u00fcr ihre Puppen, welche auch heute noch handgefertigt werden. Doch auch in anderen Bereichen der Baby- und Kleinkindausstattung findet man viele sch\u00f6ne Sachen im Sortiment. Dazu geh\u00f6rt neben Spielzeug, Kindermode und Kinderzimmer-Accessoires auch der Bereich &#8222;<strong>Wickelauflagenbezug von K\u00e4the Kruse<\/strong>&#8222;.<br \/>\nDieser zeichnet sich besonders durch die Verwendung hochwertiger Materialien und hohe Verarbeitungsqualit\u00e4t aus. Besonderen Wert legt K\u00e4the Kruse auf das Wohlbefinden des Kindes, welches durch den \u00fcberwiegenden Einsatz von Naturstoffen garantiert werden soll. Neben ihrer Strapazierf\u00e4higkeit wissen die Bez\u00fcge besonders durch ihre sch\u00f6nen Stickereien zu gefallen. Zudem haben viele der Bez\u00fcge <a href=\"http:\/\/www.amazon.de\/gp\/product\/B004RT87VO\/ref=as_li_ss_tl?ie=UTF8&#038;tag=wab-21&#038;linkCode=as2&#038;camp=1638&#038;creative=19454&#038;creativeASIN=B004RT87VO\">abnehmbare Frottee-Auflagen<\/a><img loading=\"lazy\" decoding=\"async\" src=\"http:\/\/www.assoc-amazon.de\/e\/ir?t=wab-21&#038;l=as2&#038;o=3&#038;a=B004RT87VO\" width=\"1\" height=\"1\" border=\"0\" alt=\"\" style=\"border:none !important; margin:0px !important;\" \/>, die man auch einzeln kaufen kann, so dass man diese leicht austauschen kann, wenn einmal ein Waschgang n\u00f6tig sein sollte. Auf dieser Seite stellen wir die beliebtesten Wickelauflagenbez\u00fcge von K\u00e4the Kruse genauer vor, daneben gibt es jedoch noch viele <a href=\"http:\/\/www.wickelauflagen-bezug.de\/index.php\/wickelauflagenbezug\/weitere-kathe-kruse-wickelauflagenbezuge\/\" title=\"Weitere K\u00e4the Kruse Wickelauflagenbez\u00fcge\">weitere sch\u00f6ne Bez\u00fcge<\/a> im Sortiment.<\/p>\n<div class=\"artikel-wrap clearfix\">\n<div class=\"artikel artikel-box clearfix\">\n<h2 class=\"artikel-title\"><a href=\"http:\/\/www.wickelauflagen-bezug.de\/index.php\/wickelauflagenbezug\/kathe-kruse-wickelauflagenbezug-gluckspilz\/\" title=\"K\u00e4the Kruse Wickelauflagenbezug Gl\u00fcckspilz\">K\u00e4the Kruse Wickelauflagenbezug Gl\u00fcckspilz<\/a><\/h2>\n<p><img decoding=\"async\" border=\"0\" src=\"http:\/\/ws.assoc-amazon.de\/widgets\/q?_encoding=UTF8&#038;Format=_SL160_&#038;ASIN=B004OEFUUI&#038;MarketPlace=DE&#038;ID=AsinImage&#038;WS=1&#038;tag=wab-21&#038;ServiceVersion=20070822\" style=\"float: right;\">Gr\u00f6\u00dfe: 86,5 x 76 cm<br \/>\nStoff: Baumwolle<br \/>\nMotiv: Pilze<\/p>\n<div class=\"readmore\">\n<a href=\"http:\/\/www.wickelauflagen-bezug.de\/index.php\/wickelauflagenbezug\/kathe-kruse-wickelauflagenbezug-gluckspilz\/\" title=\"K\u00e4the Kruse Wickelauflagenbezug Gl\u00fcckspilz\">Weitere Informationen<\/a>\n<\/div>\n<\/div>\n<div class=\"artikel artikel-box clearfix\">\n<h2 class=\"artikel-title\"><a href=\"http:\/\/www.wickelauflagen-bezug.de\/index.php\/wickelauflagenbezug\/kaethe-kruse-mimi-max-maeh-wickelauflagenueberzug\/\" title=\"K\u00e4the Kruse Mimi, Max &#038; M\u00e4h Wickelauflagen\u00fcberzug\">K\u00e4the Kruse Mimi, Max &#038; M\u00e4h Wickelauflagen\u00fcberzug<\/a><\/h2>\n<p><img decoding=\"async\" border=\"0\" src=\"http:\/\/ws.assoc-amazon.de\/widgets\/q?_encoding=UTF8&#038;Format=_SL160_&#038;ASIN=B000VRMS7U&#038;MarketPlace=DE&#038;ID=AsinImage&#038;WS=1&#038;tag=wab-21&#038;ServiceVersion=20070822\" style=\"float: right;\"><br \/>\nGr\u00f6\u00dfe: 86,5 x 76 cm<br \/>\nStoff: Baumwolle<br \/>\ndekoratives Design<\/p>\n<div class=\"readmore\">\n<a href=\"http:\/\/www.wickelauflagen-bezug.de\/index.php\/wickelauflagenbezug\/kaethe-kruse-mimi-max-maeh-wickelauflagenueberzug\/\" title=\"K\u00e4the Kruse Mimi, Max &#038; M\u00e4h Wickelauflagen\u00fcberzug\">Weitere Informationen<\/a>\n<\/div>\n<\/div>\n<\/div>\n<p><!-- ************ Reihe 2 ************************ --><\/p>\n<div class=\"artikel-wrap clearfix\">\n<div class=\"artikel artikel-box clearfix\">\n<h2 class=\"artikel-title\"><a href=\"http:\/\/www.wickelauflagen-bezug.de\/index.php\/wickelauflagenbezug\/kathe-kruse-princess-wickelauflagenbezug\/\" title=\"K\u00e4the Kruse Princess Wickelauflagenbezug\">K\u00e4the Kruse Princess Wickelauflagenbezug<\/a><\/h2>\n<p><img decoding=\"async\" border=\"0\" src=\"http:\/\/ws.assoc-amazon.de\/widgets\/q?_encoding=UTF8&#038;Format=_SL160_&#038;ASIN=B004RTEFNI&#038;MarketPlace=DE&#038;ID=AsinImage&#038;WS=1&#038;tag=wab-21&#038;ServiceVersion=20070822\" style=\"float: right;\"><br \/>\nGr\u00f6\u00dfe: 86,5 x 76 cm<br \/>\nStoff: Baumwolle<br \/>\nMotiv: Prinzessin<\/p>\n<div class=\"readmore\">\n<a href=\"http:\/\/www.wickelauflagen-bezug.de\/index.php\/wickelauflagenbezug\/kathe-kruse-princess-wickelauflagenbezug\/\" title=\"K\u00e4the Kruse Princess Wickelauflagenbezug\">Weitere Informationen<\/a>\n<\/div>\n<\/div>\n<div class=\"artikel artikel-box clearfix\">\n<h2 class=\"artikel-title\"><a href=\"http:\/\/www.wickelauflagen-bezug.de\/index.php\/wickelauflagenbezug\/kaethe-kruse-wickelauflagenbezug-alba\/\" title=\"K\u00e4the Kruse Wickelauflagenbezug Alba\" rel=\"bookmark\">K\u00e4the Kruse Wickelauflagenbezug Alba<\/a><\/h2>\n<p><img decoding=\"async\" border=\"0\" src=\"http:\/\/ws.assoc-amazon.de\/widgets\/q?_encoding=UTF8&#038;Format=_SL160_&#038;ASIN=B004124UFO&#038;MarketPlace=DE&#038;ID=AsinImage&#038;WS=1&#038;tag=wab-21&#038;ServiceVersion=20070822\" style=\"float: right;\"><br \/>\nGr\u00f6\u00dfe: 86,5 x 76 cm<br \/>\nStoff: Baumwolle<br \/>\nMotiv: Eule<\/p>\n<div class=\"readmore\">\n<a href=\"http:\/\/www.wickelauflagen-bezug.de\/index.php\/wickelauflagenbezug\/kaethe-kruse-wickelauflagenbezug-alba\/\" title=\"K\u00e4the Kruse Wickelauflagenbezug Alba\">Weitere Informationen<\/a>\n<\/div>\n<\/div>\n<\/div>\n<p><!-- ************ Reihe 3 ************************ --><\/p>\n<div class=\"artikel-wrap clearfix\">\n<div class=\"artikel artikel-box clearfix\">\n<h2 class=\"artikel-title\"><a href=\"http:\/\/www.wickelauflagen-bezug.de\/index.php\/wickelauflagenbezug\/kaethe-kruse-jacky-s-wickelauflagenbezug\/\" title=\"K\u00e4the Kruse Jacky S Wickelauflagenbezug\">K\u00e4the Kruse Jacky S Wickelauflagenbezug<\/a><\/h2>\n<p><img decoding=\"async\" border=\"0\" src=\"http:\/\/ws.assoc-amazon.de\/widgets\/q?_encoding=UTF8&#038;Format=_SL160_&#038;ASIN=B004RTEEV6&#038;MarketPlace=DE&#038;ID=AsinImage&#038;WS=1&#038;tag=wab-21&#038;ServiceVersion=20070822\" style=\"float: right;\"><br \/>\nGr\u00f6\u00dfe: 86,5 x 76 cm<br \/>\nStoff: Baumwolle<br \/>\nMotiv: Maus<\/p>\n<div class=\"readmore\">\n<a href=\"http:\/\/www.wickelauflagen-bezug.de\/index.php\/wickelauflagenbezug\/kaethe-kruse-jacky-s-wickelauflagenbezug\/\" title=\"K\u00e4the Kruse Jacky S Wickelauflagenbezug\">Weitere Informationen<\/a>\n<\/div>\n<\/div>\n<div class=\"artikel artikel-box clearfix\">\n<h2 class=\"artikel-title\"><a href=\"http:\/\/www.wickelauflagen-bezug.de\/index.php\/wickelauflagenbezug\/kaethe-kruse-bar-lolla-rossa-wickelauflagenbezug\/\" title=\"K\u00e4the Kruse B\u00e4r Lolla Rossa Wickelauflagenbezug\">K\u00e4the Kruse B\u00e4r Lolla Rossa Wickelauflagenbezug<\/a><\/h2>\n<p><img decoding=\"async\" border=\"0\" src=\"http:\/\/ws.assoc-amazon.de\/widgets\/q?_encoding=UTF8&#038;Format=_SL160_&#038;ASIN=B004RTC60W&#038;MarketPlace=DE&#038;ID=AsinImage&#038;WS=1&#038;tag=wab-21&#038;ServiceVersion=20070822\" style=\"float: right;\"><br \/>\nGr\u00f6\u00dfe: 86,5 x 76 cm<br \/>\nStoff: Baumwolle<br \/>\nMotiv: Maus<\/p>\n<p>auch in blau erh\u00e4ltlich<\/p>\n<div class=\"readmore\">\n<a href=\"http:\/\/www.wickelauflagen-bezug.de\/index.php\/wickelauflagenbezug\/kaethe-kruse-bar-lolla-rossa-wickelauflagenbezug\/\" title=\"Sterntaler Wickelauflagenbezug Maxi\" rel=\"bookmark\">Weitere Informationen<\/a>\n<\/div>\n<\/div>\n<\/div>\n<p>\n<center><\/p>\n<div class=\"mehr\">\n<a href=\"http:\/\/www.wickelauflagen-bezug.de\/index.php\/wickelauflagenbezug\/weitere-kathe-kruse-wickelauflagenbezuge\/\" title=\"Weitere Sterntaler Wickelauflagenbez\u00fcge\" rel=\"bookmark\">Weitere K\u00e4the Kruse Wickelauflagenbez\u00fcge<\/a>\n<\/div>\n<p><\/center><\/p>\n","protected":false},"excerpt":{"rendered":"<p>K\u00e4the Kruse ist ein Unternehmen mit einer mehr als hundertj\u00e4hrigen Tradition. Besonders bekannt ist die Firma mit Sitz in Donauw\u00f6rth f\u00fcr ihre Puppen, welche auch heute noch handgefertigt werden. Doch auch in anderen Bereichen der Baby- und Kleinkindausstattung findet man viele sch\u00f6ne Sachen im Sortiment. Dazu geh\u00f6rt neben Spielzeug, Kindermode und Kinderzimmer-Accessoires auch der Bereich [&hellip;]<\/p>\n","protected":false},"author":1,"featured_media":0,"parent":97,"menu_order":0,"comment_status":"closed","ping_status":"open","template":"","meta":{"footnotes":""},"class_list":["post-204","page","type-page","status-publish","hentry"],"_links":{"self":[{"href":"http:\/\/www.wickelauflagen-bezug.de\/index.php\/wp-json\/wp\/v2\/pages\/204","targetHints":{"allow":["GET"]}}],"collection":[{"href":"http:\/\/www.wickelauflagen-bezug.de\/index.php\/wp-json\/wp\/v2\/pages"}],"about":[{"href":"http:\/\/www.wickelauflagen-bezug.de\/index.php\/wp-json\/wp\/v2\/types\/page"}],"author":[{"embeddable":true,"href":"http:\/\/www.wickelauflagen-bezug.de\/index.php\/wp-json\/wp\/v2\/users\/1"}],"replies":[{"embeddable":true,"href":"http:\/\/www.wickelauflagen-bezug.de\/index.php\/wp-json\/wp\/v2\/comments?post=204"}],"version-history":[{"count":39,"href":"http:\/\/www.wickelauflagen-bezug.de\/index.php\/wp-json\/wp\/v2\/pages\/204\/revisions"}],"predecessor-version":[{"id":261,"href":"http:\/\/www.wickelauflagen-bezug.de\/index.php\/wp-json\/wp\/v2\/pages\/204\/revisions\/261"}],"up":[{"embeddable":true,"href":"http:\/\/www.wickelauflagen-bezug.de\/index.php\/wp-json\/wp\/v2\/pages\/97"}],"wp:attachment":[{"href":"http:\/\/www.wickelauflagen-bezug.de\/index.php\/wp-json\/wp\/v2\/media?parent=204"}],"curies":[{"name":"wp","href":"https:\/\/api.w.org\/{rel}","templated":true}]}}