{"id":97,"date":"2012-03-14T14:17:42","date_gmt":"2012-03-14T14:17:42","guid":{"rendered":"http:\/\/www.wickelauflagen-bezug.de\/?page_id=97"},"modified":"2012-04-15T08:05:44","modified_gmt":"2012-04-15T08:05:44","slug":"wickelauflagenbezug-keine-leichte-entscheidung","status":"publish","type":"page","link":"http:\/\/www.wickelauflagen-bezug.de\/index.php\/wickelauflagenbezug-keine-leichte-entscheidung\/","title":{"rendered":"Wickelauflagenbezug &#8211; Keine leichte Entscheidung"},"content":{"rendered":"<p><div style=\"width: 178px\" class=\"wp-caption alignright\"><img loading=\"lazy\" decoding=\"async\" alt=\"Wickelauflagenbezug kaufen: Keine leichte Entscheidung\" src=\"http:\/\/www.wickelauflagen-bezug.de\/images\/wickelauflagenbezug.jpg\" title=\"Wickelauflagenbezug kaufen: Keine leichte Entscheidung\" width=\"168\" height=\"112\" \/><p class=\"wp-caption-text\">Den richtigen Wickelauflagenbezug finden<\/p><\/div>Wickelauflagen und der passende Wickelauflagenbezug sind unentbehrliche Utensilien, um das Wickeln ihrer Kleinen m\u00f6glichst reibungslos zu gestalten. Oft gibt es zu ihrer Wickelauflage vom gleichen Hersteller auch einen entsprechenden Bezug, welcher die gleiche Gr\u00f6\u00dfe hat und problemlos abnehmbar ist. Meist sind Bez\u00fcge f\u00fcr Wickelauflagen aus Frottee hergestellt und mit sch\u00f6nen kindgerechten Motiven verziert. Im Gegensatz zur reinen Wickelauflage sch\u00fctzt ein Bezug das Kind auch vor Hitze oder K\u00e4lte.  Beim Kauf sollten sie darauf achten, dass sie den Bezug in der Waschmaschine waschen k\u00f6nnen, so dass er schnell gereinigt ist und beim n\u00e4chsten Wickeln wieder zum Einsatz kommen kann.<br \/>\nAuch sollte man nicht unbedingt an jedem Cent sparen, wenn man sich einen Wickelauflagenbezug zulegen m\u00f6chte, da das Material einigerma\u00dfen strapazierf\u00e4hig sein sollte und auch nach mehrmaligem Waschen noch in farbenfrohem Urzustand sein sollte. Wichtig ist nat\u00fcrlich auch, dass sich das Material angenehm f\u00fcr Babys Haut anf\u00fchlt, denn nur so ist gew\u00e4hrleistet, dass auch der Nachwuchs mit Freude beim Wickeln dabei ist.<br \/>\nAuf unserem Internet-Angebot haben wir einige Bez\u00fcge f\u00fcr Wickelauflagen f\u00fcr sie zusammengestellt:<\/p>\n<h5>Nach Hersteller<\/h5>\n<p>&nbsp;<br \/>\n<a href=\"http:\/\/www.wickelauflagen-bezug.de\/index.php\/wickelauflagenbezug-keine-leichte-entscheidung\/sterntaler-wickelauflagenbezug\/\" title=\"Sterntaler Wickelauflagenbezug\">Sterntaler Wickelauflagenbezug<\/a><br \/>\n<a href=\"http:\/\/www.wickelauflagen-bezug.de\/index.php\/wickelauflagenbezug-keine-leichte-entscheidung\/kathe-kruse-wickelauflagenbezug\/\" title=\"K\u00e4the Kruse Wickelauflagenbezug\">K\u00e4the Kruse Wickelauflagenbezug<\/a><br \/>\n<a href=\"http:\/\/www.wickelauflagen-bezug.de\/index.php\/wickelauflagenbezug-keine-leichte-entscheidung\/pinolino-wickelauflagenbezug\/\" title=\"Pinolino Wickelauflagenbezug\">Pinolino Wickelauflagenbezug<\/a><br \/>\n<a href=\"http:\/\/www.wickelauflagen-bezug.de\/index.php\/wickelauflagenbezug\/ideenreich-wickelauflagenbezug\/\" title=\"Julius Z\u00f6llner Wickelauflagenbezug\">Julius Z\u00f6llner Wickelauflagenbezug<\/a><br \/>\n<a href=\"http:\/\/www.wickelauflagen-bezug.de\/index.php\/wickelauflagenbezug-keine-leichte-entscheidung\/bebe-jou-wickelauflagenbezug\/\" title=\"B\u00e9b\u00e9-jou Wickelauflagenbezug\">B\u00e9b\u00e9-jou Wickelauflagenbezug<\/a><br \/>\n<a href=\"http:\/\/www.wickelauflagen-bezug.de\/index.php\/wickelauflagenbezug\/ideenreich-wickelauflagenbezug\/\" title=\"Ideenreich Wickelauflagenbezug\">Ideenreich Wickelauflagenbezug<\/a><\/p>\n","protected":false},"excerpt":{"rendered":"<p>Wickelauflagen und der passende Wickelauflagenbezug sind unentbehrliche Utensilien, um das Wickeln ihrer Kleinen m\u00f6glichst reibungslos zu gestalten. Oft gibt es zu ihrer Wickelauflage vom gleichen Hersteller auch einen entsprechenden Bezug, welcher die gleiche Gr\u00f6\u00dfe hat und problemlos abnehmbar ist. Meist sind Bez\u00fcge f\u00fcr Wickelauflagen aus Frottee hergestellt und mit sch\u00f6nen kindgerechten Motiven verziert. Im Gegensatz [&hellip;]<\/p>\n","protected":false},"author":1,"featured_media":0,"parent":0,"menu_order":0,"comment_status":"closed","ping_status":"open","template":"","meta":{"footnotes":""},"class_list":["post-97","page","type-page","status-publish","hentry"],"_links":{"self":[{"href":"http:\/\/www.wickelauflagen-bezug.de\/index.php\/wp-json\/wp\/v2\/pages\/97","targetHints":{"allow":["GET"]}}],"collection":[{"href":"http:\/\/www.wickelauflagen-bezug.de\/index.php\/wp-json\/wp\/v2\/pages"}],"about":[{"href":"http:\/\/www.wickelauflagen-bezug.de\/index.php\/wp-json\/wp\/v2\/types\/page"}],"author":[{"embeddable":true,"href":"http:\/\/www.wickelauflagen-bezug.de\/index.php\/wp-json\/wp\/v2\/users\/1"}],"replies":[{"embeddable":true,"href":"http:\/\/www.wickelauflagen-bezug.de\/index.php\/wp-json\/wp\/v2\/comments?post=97"}],"version-history":[{"count":20,"href":"http:\/\/www.wickelauflagen-bezug.de\/index.php\/wp-json\/wp\/v2\/pages\/97\/revisions"}],"predecessor-version":[{"id":283,"href":"http:\/\/www.wickelauflagen-bezug.de\/index.php\/wp-json\/wp\/v2\/pages\/97\/revisions\/283"}],"wp:attachment":[{"href":"http:\/\/www.wickelauflagen-bezug.de\/index.php\/wp-json\/wp\/v2\/media?parent=97"}],"curies":[{"name":"wp","href":"https:\/\/api.w.org\/{rel}","templated":true}]}}